{"id":35,"date":"2023-09-11T13:30:15","date_gmt":"2023-09-11T13:30:15","guid":{"rendered":"http:\/\/localhost\/index.php\/impressum\/"},"modified":"2024-05-11T13:40:29","modified_gmt":"2024-05-11T13:40:29","slug":"impressum","status":"publish","type":"page","link":"https:\/\/www.vigiljoch.com\/de\/impressum\/","title":{"rendered":"Impressum"},"content":{"rendered":"<h1>Impressum<\/h1>\n<table class=\"legal_tbl\" style=\"height: 2188px;\" width=\"905\">\n<tbody>\n<tr>\n<th>Organisation<\/th>\n<td>Vigiljoch GmbH<\/td>\n<\/tr>\n<tr>\n<th>Anschrift<\/th>\n<td>Villenerweg 3<\/td>\n<\/tr>\n<tr>\n<th>PLZ \/ Ort<\/th>\n<td>39011 Lana<\/td>\n<\/tr>\n<tr>\n<th>Land<\/th>\n<td>S\u00fcdtirol \/ Italien<\/td>\n<\/tr>\n<tr>\n<th>Telefon<\/th>\n<td>+39 0473 561333<\/td>\n<\/tr>\n<tr>\n<th>Fax<\/th>\n<td>+39 0473 561333<\/td>\n<\/tr>\n<tr>\n<th>WWW<\/th>\n<td><a href=\"http:\/\/www.vigilio.com\/\" target=\"_top\" rel=\"noopener\">www.vigiljoch.com<\/a><\/td>\n<\/tr>\n<tr>\n<th>E-Mail<\/th>\n<td><a>info@vigiljoch.com<\/a><\/td>\n<\/tr>\n<tr>\n<th>MwSt.- &amp; St.Nr.<\/th>\n<td>IT 0012678021<\/td>\n<\/tr>\n<tr>\n<th>Handelsregister<br \/>\nBozen<\/th>\n<td>Nr. 00126780212 &#8211; REA BZ-0037399<br \/>\nGesellschaftskapital voll eingezahlt 210.000 \u20ac<\/td>\n<\/tr>\n<tr>\n<th>Konzept, Design<br \/>\n&amp; Texte<\/th>\n<td><strong>Apt \u2013 A passion thing GmbH<\/strong><br \/>\nRamperstorffergasse 29\/23-24<br \/>\n1050 Wien, \u00d6sterreich<br \/>\nWWW: <a href=\"https:\/\/apassionthing.com\/\">www.apassionthing.com<\/a><\/td>\n<\/tr>\n<tr>\n<th style=\"text-align: left;\">Hosting &amp;<br \/>\nProgrammierung<\/th>\n<td><b>Hohl IT e.U.<\/b><br \/>\nHackhofergasse 1<br \/>\n1190 Wien, \u00d6sterreich<br \/>\nWWW: <a href=\"https:\/\/www.hohl-it.at\/\">www.hohl-it.at<\/a><\/td>\n<\/tr>\n<tr>\n<th>Fotos<\/th>\n<td>TODO: Urheber eintragen!<\/td>\n<\/tr>\n<tr>\n<th>Haftungshinweis<\/th>\n<td>Die auf dieser Website genannten Marken und Firmen sind Eigentum der jeweiligen Inhaber.<\/p>\n<p>Diese Website entd\u00e4lt Links auf Websites von Dritten. Trotz sorgf\u00e4ltiger inhaltlicher Kontrolle wird keinerlei Haftung f\u00fcr den Inhalt der verlinkten Websites \u00fcbernommen. Die Verantwortung und Haftung f\u00fcr deren Inhalt und Gestaltung liegt ausschlie\u00dflich bei den jeweiligen Betreibern.<\/td>\n<\/tr>\n<tr>\n<th>Google Analytics<\/th>\n<td>Diese Website benutzt Google Analytics, einen Webanalysedienst der Google Inc. (\u201eGoogle&#8220;). Google Analytics verwendet sog. \u201eCookies&#8220;, Textdateien, die auf Ihrem Computer gespeichert werden und die eine Analyse der Benutzung der Website durch Sie erm\u00f6glichen. Die durch den Cookie erzeugten Informationen \u00fcber Ihre Benutzung dieser Website (einschlie\u00dflich Ihrer IP-Adresse) wird an einen Server von Google in den USA \u00fcbertragen und dort gespeichert. Google wird diese Informationen benutzen, um Ihre Nutzung der Website auszuwerten, um Reports \u00fcber die Websiteaktivit\u00e4ten f\u00fcr die Websitebetreiber zusammenzustellen und um weitere mit der Websitenutzung und der Internetnutzung verbundene Dienstleistungen zu erbringen.<\/p>\n<p>Auch wird Google diese Informationen gegebenenfalls an Dritte \u00fcbertragen, sofern dies gesetzlich vorgeschrieben oder soweit Dritte diese Daten im Auftrag von Google verarbeiten. Google wird in keinem Fall Ihre IP-Adresse mit anderen Daten von Google in Verbindung bringen. Sie k\u00f6nnen die Installation der Cookies durch eine entsprechende Einstellung Ihrer Browser Software verhindern; wir weisen Sie jedoch darauf hin, dass Sie in diesem Fall gegebenenfalls nicht s\u00e4mtliche Funktionen dieser Website vollumf\u00e4nglich nutzen k\u00f6nnen.<\/p>\n<p>Durch die Nutzung dieser Website erkl\u00e4ren Sie sich mit der Bearbeitung der \u00fcber Sie erhobenen Daten durch Google in der zuvor beschriebenen Art und Weise und zu dem zuvor benannten Zweck einverstanden.<\/td>\n<\/tr>\n<tr>\n<th>Datenschutz<\/th>\n<td>Im Sinne des Art. 13 des Gesetzesvertretenden Dekrets Nr. 196 vom 30. Juni 2003 und nachfolgende \u00c4nderungen und Erg\u00e4nzungen informieren wir dar\u00fcber, dass alle Daten, welche Sie \u00fcber unseren Internetauftritt bzw. \u00fcber andere Wege (Fax, e-Mail, Post) an uns senden, gesammelt und gespeichert werden. Wir garantieren im Rahmen der gesetzlichen Vorgaben, dass die Verarbeitung der pers\u00f6nlichen Daten unter Ber\u00fccksichtigung der grundlegenden Rechte und Freiheiten sowie der W\u00fcrde des Betroffenen mit besonderem Bezug auf die Geheimhaltung, die pers\u00f6nliche Identit\u00e4t und das Recht auf Schutz der pers\u00f6nlichen Daten erfolgt.<\/p>\n<p>Die von uns verarbeiteten pers\u00f6nlichen Daten unterliegen keiner Verbreitung.<\/p>\n<p>Das Datenschutzgesetz verleiht den Betroffen gem\u00e4\u00df Art. 7 das Recht seine Daten zu best\u00e4tigen und zu kontrollieren, zu berichtigen und zu erg\u00e4nzen, zu beantragen, dass die Daten gel\u00f6scht, gesperrt und in anonyme Daten umgewandelt werden, falls die Verarbeitung gegen die gesetzlichen Bestimmungen verst\u00f6\u00dft. Er hat das Recht sich aus gerechtfertigtem Grund g\u00e4nzlich oder zum Teil der Verarbeitung seiner Daten zu widersetzen, sowie ihre L\u00f6schung, Sperrung, Umwandlung in anonyme Daten zu verlangen und ohne gerechtfertigtem Grund, wenn Daten zum Zwecke der Handelsinformation, des Versands von Werbematerial, des Direktverkaufs, zu Markt- und Meinungsforschung verwendet werden.<\/p>\n<p><b>Inhaber der Datenverarbeitung ist:<\/b><br \/>\nVigiljoch GmbH, Villenerweg 3, 39011 Lana (BZ), S\u00fcdtirol \/ Italien<\/td>\n<\/tr>\n<\/tbody>\n<\/table>\n","protected":false},"excerpt":{"rendered":"<p>Impressum Organisation Vigiljoch GmbH Anschrift Villenerweg 3 PLZ \/ Ort 39011 Lana Land S\u00fcdtirol \/ Italien Telefon +39 0473 561333 Fax +39 0473 561333 WWW www.vigiljoch.com E-Mail info@vigiljoch.com MwSt.- &amp; St.Nr. IT 0012678021 Handelsregister Bozen Nr. 00126780212 &#8211; REA BZ-0037399 Gesellschaftskapital voll eingezahlt 210.000 \u20ac Konzept, Design &amp; Texte Apt \u2013 A passion thing GmbH [&hellip;]<\/p>\n","protected":false},"author":1,"featured_media":0,"parent":0,"menu_order":0,"comment_status":"closed","ping_status":"closed","template":"page_modular.php","meta":{"_acf_changed":false,"slim_seo":{"title":"Impressum - Vigiljoch","description":"Impressum Organisation Vigiljoch GmbH Anschrift Villenerweg 3 PLZ \/ Ort 39011 Lana Land S\u00fcdtirol \/ Italien Telefon +39 0473 561333 Fax +39 0473 561333 WWW www.v"},"footnotes":""},"class_list":["post-35","page","type-page","status-publish","hentry"],"acf":[],"_links":{"self":[{"href":"https:\/\/www.vigiljoch.com\/de\/wp-json\/wp\/v2\/pages\/35","targetHints":{"allow":["GET"]}}],"collection":[{"href":"https:\/\/www.vigiljoch.com\/de\/wp-json\/wp\/v2\/pages"}],"about":[{"href":"https:\/\/www.vigiljoch.com\/de\/wp-json\/wp\/v2\/types\/page"}],"author":[{"embeddable":true,"href":"https:\/\/www.vigiljoch.com\/de\/wp-json\/wp\/v2\/users\/1"}],"replies":[{"embeddable":true,"href":"https:\/\/www.vigiljoch.com\/de\/wp-json\/wp\/v2\/comments?post=35"}],"version-history":[{"count":20,"href":"https:\/\/www.vigiljoch.com\/de\/wp-json\/wp\/v2\/pages\/35\/revisions"}],"predecessor-version":[{"id":2376,"href":"https:\/\/www.vigiljoch.com\/de\/wp-json\/wp\/v2\/pages\/35\/revisions\/2376"}],"wp:attachment":[{"href":"https:\/\/www.vigiljoch.com\/de\/wp-json\/wp\/v2\/media?parent=35"}],"curies":[{"name":"wp","href":"https:\/\/api.w.org\/{rel}","templated":true}]}}