{"id":306,"date":"2023-09-13T17:19:25","date_gmt":"2023-09-13T17:19:25","guid":{"rendered":"http:\/\/localhost\/index.php\/vigiljoch\/"},"modified":"2024-07-08T10:17:21","modified_gmt":"2024-07-08T10:17:21","slug":"vigiljoch","status":"publish","type":"page","link":"https:\/\/www.vigiljoch.com\/de\/vigiljoch\/","title":{"rendered":"Vigiljoch"},"content":{"rendered":"","protected":false},"excerpt":{"rendered":"","protected":false},"author":1,"featured_media":0,"parent":0,"menu_order":0,"comment_status":"closed","ping_status":"closed","template":"page_modular.php","meta":{"_acf_changed":false,"slim_seo":{"title":"Entdecken Sie das Vigiljoch - Natur, Freizeit und Erholung","description":"Erleben Sie das Vigiljoch und genie\u00dfen Sie Natur, Freizeit, Erholung. Finden Sie Informationen zu Aktivit\u00e4ten, Ausfl\u00fcge f\u00fcr die ganze Familie + Bergbegeisterte."},"footnotes":""},"class_list":["post-306","page","type-page","status-publish","hentry"],"acf":[],"_links":{"self":[{"href":"https:\/\/www.vigiljoch.com\/de\/wp-json\/wp\/v2\/pages\/306","targetHints":{"allow":["GET"]}}],"collection":[{"href":"https:\/\/www.vigiljoch.com\/de\/wp-json\/wp\/v2\/pages"}],"about":[{"href":"https:\/\/www.vigiljoch.com\/de\/wp-json\/wp\/v2\/types\/page"}],"author":[{"embeddable":true,"href":"https:\/\/www.vigiljoch.com\/de\/wp-json\/wp\/v2\/users\/1"}],"replies":[{"embeddable":true,"href":"https:\/\/www.vigiljoch.com\/de\/wp-json\/wp\/v2\/comments?post=306"}],"version-history":[{"count":11,"href":"https:\/\/www.vigiljoch.com\/de\/wp-json\/wp\/v2\/pages\/306\/revisions"}],"predecessor-version":[{"id":1887,"href":"https:\/\/www.vigiljoch.com\/de\/wp-json\/wp\/v2\/pages\/306\/revisions\/1887"}],"wp:attachment":[{"href":"https:\/\/www.vigiljoch.com\/de\/wp-json\/wp\/v2\/media?parent=306"}],"curies":[{"name":"wp","href":"https:\/\/api.w.org\/{rel}","templated":true}]}}