{"id":280,"date":"2023-09-13T17:27:28","date_gmt":"2023-09-13T17:27:28","guid":{"rendered":"http:\/\/localhost\/index.php\/summer\/"},"modified":"2025-02-12T15:26:51","modified_gmt":"2025-02-12T15:26:51","slug":"sommer","status":"publish","type":"page","link":"https:\/\/www.vigiljoch.com\/de\/sommer\/","title":{"rendered":"Sommer"},"content":{"rendered":"","protected":false},"excerpt":{"rendered":"","protected":false},"author":1,"featured_media":0,"parent":0,"menu_order":0,"comment_status":"closed","ping_status":"closed","template":"page_modular.php","meta":{"_acf_changed":false,"slim_seo":{"title":"Sommeraktivit\u00e4ten am Vigiljoch-Wandern Mountainbiken Kinder","description":"Erleben Sie Sommeraktivit\u00e4ten am Vigiljoch: Wandern, spannende Mountainbike-Touren, Paragleiten, Spa\u00df f\u00fcr Kinder auf den Spielpl\u00e4tzen an allen Gasth\u00e4usern."},"footnotes":""},"class_list":["post-280","page","type-page","status-publish","hentry"],"acf":[],"_links":{"self":[{"href":"https:\/\/www.vigiljoch.com\/de\/wp-json\/wp\/v2\/pages\/280","targetHints":{"allow":["GET"]}}],"collection":[{"href":"https:\/\/www.vigiljoch.com\/de\/wp-json\/wp\/v2\/pages"}],"about":[{"href":"https:\/\/www.vigiljoch.com\/de\/wp-json\/wp\/v2\/types\/page"}],"author":[{"embeddable":true,"href":"https:\/\/www.vigiljoch.com\/de\/wp-json\/wp\/v2\/users\/1"}],"replies":[{"embeddable":true,"href":"https:\/\/www.vigiljoch.com\/de\/wp-json\/wp\/v2\/comments?post=280"}],"version-history":[{"count":23,"href":"https:\/\/www.vigiljoch.com\/de\/wp-json\/wp\/v2\/pages\/280\/revisions"}],"predecessor-version":[{"id":3515,"href":"https:\/\/www.vigiljoch.com\/de\/wp-json\/wp\/v2\/pages\/280\/revisions\/3515"}],"wp:attachment":[{"href":"https:\/\/www.vigiljoch.com\/de\/wp-json\/wp\/v2\/media?parent=280"}],"curies":[{"name":"wp","href":"https:\/\/api.w.org\/{rel}","templated":true}]}}