{"id":275,"date":"2023-09-18T08:59:17","date_gmt":"2023-09-18T08:59:17","guid":{"rendered":"http:\/\/localhost\/index.php\/gastronomy\/"},"modified":"2024-07-05T12:22:34","modified_gmt":"2024-07-05T12:22:34","slug":"gastronomie","status":"publish","type":"page","link":"https:\/\/www.vigiljoch.com\/de\/gastronomie\/","title":{"rendered":"Gastronomie"},"content":{"rendered":"<p>In S\u00fcdtirol seit jeher Tradition geh\u00f6rt zum Ausflug auf den Berg \u2013 ob per pedes oder mit dem Rad \u2013 ein Etappenziel, sprich das \u201eZuakehren\u201c in eine der Gastst\u00e4tten, Almen und Stuben. So angenehm herzlich und unverf\u00e4lscht nat\u00fcrlich wie das Vigiljoch selbst sind auch die neun Einkehrm\u00f6glichkeiten, die hier aus frischen, saisonalen Zutaten ihre kreativen Interpretationen der S\u00fcdtiroler K\u00fcche auf den Tisch bringen. Traditionell und bodenst\u00e4ndig, jung und peppig oder modern und puristisch \u2013 sie alle verbindet ihre Leidenschaft zu feinem Essen und einem guten Glas Wein.<span class=\"Apple-converted-space\">\u00a0<\/span><\/p>\n","protected":false},"excerpt":{"rendered":"<p>In S\u00fcdtirol seit jeher Tradition geh\u00f6rt zum Ausflug auf den Berg \u2013 ob per pedes oder mit dem Rad \u2013 ein Etappenziel, sprich das \u201eZuakehren\u201c in eine der Gastst\u00e4tten, Almen und Stuben. So angenehm herzlich und unverf\u00e4lscht nat\u00fcrlich wie das Vigiljoch selbst sind auch die neun Einkehrm\u00f6glichkeiten, die hier aus frischen, saisonalen Zutaten ihre kreativen [&hellip;]<\/p>\n","protected":false},"author":1,"featured_media":0,"parent":0,"menu_order":0,"comment_status":"closed","ping_status":"closed","template":"page_gastronomy.php","meta":{"_acf_changed":false,"slim_seo":{"title":"Gastronomie am Vigiljoch - Kulinarische Gen\u00fcsse am Berg","description":"Erleben Sie kulinarische Gen\u00fcsse am Vigiljoch. Entdecken Sie die besten Restaurants und H\u00fctten, die regionale Spezialit\u00e4ten und atemberaubende Ausblicke bieten."},"footnotes":""},"class_list":["post-275","page","type-page","status-publish","hentry"],"acf":[],"_links":{"self":[{"href":"https:\/\/www.vigiljoch.com\/de\/wp-json\/wp\/v2\/pages\/275","targetHints":{"allow":["GET"]}}],"collection":[{"href":"https:\/\/www.vigiljoch.com\/de\/wp-json\/wp\/v2\/pages"}],"about":[{"href":"https:\/\/www.vigiljoch.com\/de\/wp-json\/wp\/v2\/types\/page"}],"author":[{"embeddable":true,"href":"https:\/\/www.vigiljoch.com\/de\/wp-json\/wp\/v2\/users\/1"}],"replies":[{"embeddable":true,"href":"https:\/\/www.vigiljoch.com\/de\/wp-json\/wp\/v2\/comments?post=275"}],"version-history":[{"count":5,"href":"https:\/\/www.vigiljoch.com\/de\/wp-json\/wp\/v2\/pages\/275\/revisions"}],"predecessor-version":[{"id":583,"href":"https:\/\/www.vigiljoch.com\/de\/wp-json\/wp\/v2\/pages\/275\/revisions\/583"}],"wp:attachment":[{"href":"https:\/\/www.vigiljoch.com\/de\/wp-json\/wp\/v2\/media?parent=275"}],"curies":[{"name":"wp","href":"https:\/\/api.w.org\/{rel}","templated":true}]}}